{"id":374,"date":"2024-03-13T15:33:58","date_gmt":"2024-03-13T18:33:58","guid":{"rendered":"https:\/\/remake.aginet.com.ar\/?page_id=374"},"modified":"2024-07-11T17:32:36","modified_gmt":"2024-07-11T20:32:36","slug":"call-center","status":"publish","type":"page","link":"https:\/\/remake.aginet.com.ar\/index.php\/call-center\/","title":{"rendered":"Call center"},"content":{"rendered":"\n<div class=\"wp-block-group alignfull gapless-group has-base-2-color has-text-color has-background has-link-color wp-elements-e08db5b49db6ac2824f55162704022bd has-global-padding is-layout-constrained wp-container-core-group-is-layout-a119c273 wp-block-group-is-layout-constrained\" style=\"background-color:#000000;margin-top:0;margin-bottom:0;padding-top:var(--wp--preset--spacing--10);padding-right:var(--wp--preset--spacing--20);padding-bottom:var(--wp--preset--spacing--10);padding-left:var(--wp--preset--spacing--20)\">\n<div class=\"wp-block-group alignwide has-contrast-color has-base-2-background-color has-text-color has-background has-link-color wp-elements-8a3c39e3344b316446e8ba8cece2df00 is-content-justification-space-between is-layout-flex wp-container-core-group-is-layout-aac9fdf3 wp-block-group-is-layout-flex\" style=\"border-radius:39px;padding-right:var(--wp--preset--spacing--10);padding-left:var(--wp--preset--spacing--10)\">\n<div class=\"wp-block-group is-content-justification-left is-layout-flex wp-container-core-group-is-layout-75361793 wp-block-group-is-layout-flex\"><div class=\"wp-block-site-logo wp-duotone-unset-1\"><a href=\"https:\/\/remake.aginet.com.ar\/\" class=\"custom-logo-link\" rel=\"home\"><img loading=\"lazy\" decoding=\"async\" width=\"229\" height=\"91\" src=\"https:\/\/remake.aginet.com.ar\/wp-content\/uploads\/2024\/01\/aginethost.png\" class=\"custom-logo\" alt=\"\" \/><\/a><\/div><\/div>\n\n\n\n<div class=\"wp-block-group is-content-justification-space-between is-nowrap is-layout-flex wp-container-core-group-is-layout-cb46ffcb wp-block-group-is-layout-flex\"><nav class=\"has-medium-font-size is-responsive items-justified-center wp-block-navigation is-horizontal is-content-justification-center is-layout-flex wp-container-core-navigation-is-layout-9446ee40 wp-block-navigation-is-layout-flex\" aria-label=\"Navegaci\u00f3n\" \n\t\t data-wp-interactive=\"core\/navigation\" data-wp-context='{\"overlayOpenedBy\":{\"click\":false,\"hover\":false,\"focus\":false},\"type\":\"overlay\",\"roleAttribute\":\"\",\"ariaLabel\":\"Men\\u00fa\"}'><button aria-haspopup=\"dialog\" aria-label=\"Abrir el men\u00fa\" class=\"wp-block-navigation__responsive-container-open\" \n\t\t\t\tdata-wp-on--click=\"actions.openMenuOnClick\"\n\t\t\t\tdata-wp-on--keydown=\"actions.handleMenuKeydown\"\n\t\t\t><svg width=\"24\" height=\"24\" xmlns=\"http:\/\/www.w3.org\/2000\/svg\" viewBox=\"0 0 24 24\"><path d=\"M5 5v1.5h14V5H5z\"><\/path><path d=\"M5 12.8h14v-1.5H5v1.5z\"><\/path><path d=\"M5 19h14v-1.5H5V19z\"><\/path><\/svg><\/button>\n\t\t\t\t<div class=\"wp-block-navigation__responsive-container\"  id=\"modal-3\" \n\t\t\t\tdata-wp-class--has-modal-open=\"state.isMenuOpen\"\n\t\t\t\tdata-wp-class--is-menu-open=\"state.isMenuOpen\"\n\t\t\t\tdata-wp-watch=\"callbacks.initMenu\"\n\t\t\t\tdata-wp-on--keydown=\"actions.handleMenuKeydown\"\n\t\t\t\tdata-wp-on--focusout=\"actions.handleMenuFocusout\"\n\t\t\t\ttabindex=\"-1\"\n\t\t\t>\n\t\t\t\t\t<div class=\"wp-block-navigation__responsive-close\" tabindex=\"-1\">\n\t\t\t\t\t\t<div class=\"wp-block-navigation__responsive-dialog\" \n\t\t\t\tdata-wp-bind--aria-modal=\"state.ariaModal\"\n\t\t\t\tdata-wp-bind--aria-label=\"state.ariaLabel\"\n\t\t\t\tdata-wp-bind--role=\"state.roleAttribute\"\n\t\t\t>\n\t\t\t\t\t\t\t<button aria-label=\"Cerrar el men\u00fa\" class=\"wp-block-navigation__responsive-container-close\" \n\t\t\t\tdata-wp-on--click=\"actions.closeMenuOnClick\"\n\t\t\t><svg xmlns=\"http:\/\/www.w3.org\/2000\/svg\" viewBox=\"0 0 24 24\" width=\"24\" height=\"24\" aria-hidden=\"true\" focusable=\"false\"><path d=\"m13.06 12 6.47-6.47-1.06-1.06L12 10.94 5.53 4.47 4.47 5.53 10.94 12l-6.47 6.47 1.06 1.06L12 13.06l6.47 6.47 1.06-1.06L13.06 12Z\"><\/path><\/svg><\/button>\n\t\t\t\t\t\t\t<div class=\"wp-block-navigation__responsive-container-content\" \n\t\t\t\tdata-wp-watch=\"callbacks.focusFirstElement\"\n\t\t\t id=\"modal-3-content\">\n\t\t\t\t\t\t\t\t\n<div class=\"wp-block-buttons is-layout-flex wp-block-buttons-is-layout-flex\">\n<div class=\"wp-block-button has-custom-width wp-block-button__width-100\"><a class=\"wp-block-button__link has-background wp-element-button\" href=\"https:\/\/remake.aginet.com.ar\/index.php\/central-pbx\/\" style=\"background-color:#000000\">Central IP<\/a><\/div>\n<\/div>\n\n<div class=\"wp-block-buttons is-layout-flex wp-block-buttons-is-layout-flex\">\n<div class=\"wp-block-button is-style-fill\"><a class=\"wp-block-button__link has-background wp-element-button\" href=\"https:\/\/remake.aginet.com.ar\/index.php\/telefonia-ip\/\" style=\"background-color:#000000\">Telefon\u00eda IP<\/a><\/div>\n<\/div>\n\n<div class=\"wp-block-buttons is-layout-flex wp-block-buttons-is-layout-flex\">\n<div class=\"wp-block-button\"><a class=\"wp-block-button__link has-background wp-element-button\" href=\"https:\/\/remake.aginet.com.ar\/index.php\/hosting\/\" style=\"background-color:#010101\">Hosting<\/a><\/div>\n<\/div>\n\n<div class=\"wp-block-buttons is-layout-flex wp-block-buttons-is-layout-flex\">\n<div class=\"wp-block-button is-style-fill\"><a class=\"wp-block-button__link has-background wp-element-button\" href=\"https:\/\/remake.aginet.com.ar\/index.php\/marketing\/\" style=\"background-color:#000000;padding-right:var(--wp--preset--spacing--10);padding-left:var(--wp--preset--spacing--10)\">Marketing<\/a><\/div>\n<\/div>\n\n<div class=\"wp-block-buttons is-layout-flex wp-block-buttons-is-layout-flex\">\n<div class=\"wp-block-button\"><a class=\"wp-block-button__link has-background wp-element-button\" href=\"https:\/\/remake.aginet.com.ar\/index.php\/servidores\/\" style=\"background-color:#000000\">Servidores<\/a><\/div>\n<\/div>\n\n<div class=\"wp-block-buttons is-layout-flex wp-block-buttons-is-layout-flex\">\n<div class=\"wp-block-button is-style-outline is-style-outline--2\"><a class=\"wp-block-button__link has-base-2-color has-text-color has-background has-link-color wp-element-button\" href=\"https:\/\/remake.aginet.com.ar\/index.php\/call-center\/\" style=\"background-color:#000000\">Call Center<\/a><\/div>\n<\/div>\n\n\t\t\t\t\t\t\t<\/div>\n\t\t\t\t\t\t<\/div>\n\t\t\t\t\t<\/div>\n\t\t\t\t<\/div><\/nav><\/div>\n<\/div>\n<\/div>\n\n\n\n<div class=\"wp-block-cover alignfull wp-duotone-111111-a4a4a4-4\" style=\"margin-top:0;margin-bottom:0;padding-top:0;padding-right:var(--wp--preset--spacing--60);padding-bottom:0;padding-left:var(--wp--preset--spacing--60);min-height:361px;aspect-ratio:unset;\"><span aria-hidden=\"true\" class=\"wp-block-cover__background has-background-dim-60 has-background-dim\"><\/span><img loading=\"lazy\" decoding=\"async\" width=\"1024\" height=\"1024\" class=\"wp-block-cover__image-background wp-image-376\" alt=\"\" src=\"https:\/\/remake.aginet.com.ar\/wp-content\/uploads\/2024\/03\/fccd396a-47db-41ba-a41a-2afd51024549.jpg\" style=\"object-position:50% 34%\" data-object-fit=\"cover\" data-object-position=\"50% 34%\" srcset=\"https:\/\/remake.aginet.com.ar\/wp-content\/uploads\/2024\/03\/fccd396a-47db-41ba-a41a-2afd51024549.jpg 1024w, https:\/\/remake.aginet.com.ar\/wp-content\/uploads\/2024\/03\/fccd396a-47db-41ba-a41a-2afd51024549-300x300.jpg 300w, https:\/\/remake.aginet.com.ar\/wp-content\/uploads\/2024\/03\/fccd396a-47db-41ba-a41a-2afd51024549-150x150.jpg 150w, https:\/\/remake.aginet.com.ar\/wp-content\/uploads\/2024\/03\/fccd396a-47db-41ba-a41a-2afd51024549-768x768.jpg 768w\" sizes=\"auto, (max-width: 1024px) 100vw, 1024px\" \/><div class=\"wp-block-cover__inner-container is-layout-flow wp-block-cover-is-layout-flow\">\n<p class=\"has-text-align-center has-large-font-size\"><strong>Call center<\/strong><\/p>\n\n\n\n<p class=\"has-text-align-center has-medium-font-size\">Conect\u00e1 con tus futuros clientes.<\/p>\n<\/div><\/div>\n\n\n\n<div class=\"wp-block-group alignwide has-black-color has-background-background-color has-text-color has-background has-link-color wp-elements-27e5e8a3b83cc663cb0cdaffa67c16af has-global-padding is-layout-constrained wp-container-core-group-is-layout-242d81a3 wp-block-group-is-layout-constrained\" style=\"margin-top:0px;margin-bottom:0px;padding-top:var(--wp--preset--spacing--20);padding-right:0;padding-bottom:var(--wp--preset--spacing--20);padding-left:0\">\n<h2 class=\"wp-block-heading alignwide has-text-align-center has-black-color has-text-color has-link-color wp-elements-bc8406db004db39ca11bf676007619be\">\u00bfPor qu\u00e9 elegirnos?<\/h2>\n\n\n\n<div style=\"height:1px\" aria-hidden=\"true\" class=\"wp-block-spacer\"><\/div>\n\n\n\n<div class=\"wp-block-columns alignwide is-layout-flex wp-container-core-columns-is-layout-28f84493 wp-block-columns-is-layout-flex\">\n<div class=\"wp-block-column is-layout-flow wp-container-core-column-is-layout-22223934 wp-block-column-is-layout-flow\" style=\"flex-basis:25%\">\n<p><strong>Home Office<\/strong><\/p>\n\n\n\n<p class=\"has-small-font-size\">Podr\u00e1s permitir que tus agentes operen desde sus casas gracias a nuestro sofware de llamadas remotas.<\/p>\n<\/div>\n\n\n\n<div class=\"wp-block-column is-layout-flow wp-container-core-column-is-layout-22223934 wp-block-column-is-layout-flow\" style=\"flex-basis:25%\">\n<p><strong><strong>Numeraci\u00f3n Virtual y DID<\/strong><\/strong><\/p>\n\n\n\n<p class=\"has-small-font-size\">Generamos n\u00fameros virtuales para llamadas entrantes y salientes para que puedas posicionar tu call center a nivel global.<\/p>\n<\/div>\n\n\n\n<div class=\"wp-block-column is-layout-flow wp-container-core-column-is-layout-22223934 wp-block-column-is-layout-flow\" style=\"flex-basis:25%\">\n<p><strong>M\u00e9trica y control<\/strong><\/p>\n\n\n\n<p class=\"has-small-font-size\">Te damos la posibilidad de medir y controlar el estado de las llamadas de cada agente para poder optimizar tu servicio.<\/p>\n<\/div>\n\n\n\n<div class=\"wp-block-column is-layout-flow wp-container-core-column-is-layout-22223934 wp-block-column-is-layout-flow\" style=\"flex-basis:25%\">\n<p><strong>Instala y configura en minutos<\/strong><\/p>\n\n\n\n<p class=\"has-small-font-size\">No necesitar\u00e1s instalaciones complejas ni equipos costosos, solo una conexi\u00f3n a Internet. Configurar\u00e1s tu sistema de forma sencilla y r\u00e1pida.<\/p>\n<\/div>\n<\/div>\n<\/div>\n\n\n\n<div class=\"wp-block-group alignwide has-base-2-color has-text-color has-background has-link-color wp-elements-384a7dceac48d74c56dc1bed5df79eba is-vertical is-content-justification-center is-layout-flex wp-container-core-group-is-layout-89b39a31 wp-block-group-is-layout-flex\" style=\"background-color:#000000;min-height:36vh;margin-top:var(--wp--preset--spacing--10);margin-bottom:var(--wp--preset--spacing--10);padding-top:var(--wp--preset--spacing--10);padding-right:var(--wp--preset--spacing--20);padding-bottom:var(--wp--preset--spacing--10);padding-left:var(--wp--preset--spacing--20)\">\n<div class=\"wp-block-group has-global-padding is-layout-constrained wp-block-group-is-layout-constrained\">\n<h1 class=\"wp-block-heading has-text-align-center has-base-2-color has-text-color has-link-color wp-elements-ba10166202dd8c633c91f723da575ec0\">\u00bfQu\u00e9 nos destaca?<\/h1>\n\n\n\n<p>Con a\u00f1os de experiencia en el sector de las telecomunicaciones, conocemos las necesidades espec\u00edficas de tu industria. Ademas, contamos con un equipo de agentes altamente capacitados y comprometidos con la excelencia en el servicio al cliente.<\/p>\n\n\n\n<p>Nuestra empresa utiliza herramientas y sistemas de ultima tecnologia para garantizar una atencion eficiente y efectiva adaptando nuestros servicios a tus requerimientos espec\u00edficos. Somos flexibles y nos ajustamos a tus necesidades cambiantes.<\/p>\n\n\n\n<div style=\"height:var(--wp--preset--spacing--10)\" aria-hidden=\"true\" class=\"wp-block-spacer\"><\/div>\n\n\n\n<div class=\"wp-block-buttons is-content-justification-center is-layout-flex wp-container-core-buttons-is-layout-a89b3969 wp-block-buttons-is-layout-flex\">\n<div class=\"wp-block-button has-custom-width wp-block-button__width-100 has-custom-font-size has-large-font-size\"><a class=\"wp-block-button__link has-background has-text-align-center wp-element-button\" href=\"https:\/\/remake.aginet.com.ar\/index.php\/contrata-call-center\/\" style=\"background:linear-gradient(135deg,rgb(0,72,255) 0%,rgb(0,27,96) 100%)\">HABL\u00c1 CON UN EXPERTO<\/a><\/div>\n<\/div>\n<\/div>\n<\/div>\n\n\n\n<div class=\"wp-block-group alignwide is-layout-flow wp-block-group-is-layout-flow\" style=\"padding-top:var(--wp--preset--spacing--50);padding-bottom:var(--wp--preset--spacing--50)\"><div class=\"wp-block-site-logo\"><a href=\"https:\/\/remake.aginet.com.ar\/\" class=\"custom-logo-link\" rel=\"home\"><img loading=\"lazy\" decoding=\"async\" width=\"258\" height=\"103\" src=\"https:\/\/remake.aginet.com.ar\/wp-content\/uploads\/2024\/01\/aginethost.png\" class=\"custom-logo\" alt=\"\" \/><\/a><\/div>\n\n\n<hr class=\"wp-block-separator has-alpha-channel-opacity is-style-wide\"\/>\n\n\n\n<div class=\"wp-block-columns is-layout-flex wp-container-core-columns-is-layout-633352e7 wp-block-columns-is-layout-flex\" style=\"padding-top:var(--wp--preset--spacing--10)\">\n<div class=\"wp-block-column is-layout-flow wp-block-column-is-layout-flow\" style=\"flex-basis:57%\">\n<h2 class=\"wp-block-heading has-x-large-font-size\">Innov\u00e1 tu empresa<\/h2>\n<\/div>\n\n\n\n<div class=\"wp-block-column is-layout-flow wp-block-column-is-layout-flow\" style=\"flex-basis:30%\">\n<div class=\"wp-block-group is-vertical is-layout-flex wp-container-core-group-is-layout-ea0cb840 wp-block-group-is-layout-flex\">\n<h3 class=\"wp-block-heading has-body-font-family has-medium-font-size\"><strong>Contacto<\/strong><\/h3>\n\n\n\n<p>Administracion@aginet.com.ar<\/p>\n\n\n\n<p>011 5353-9292<\/p>\n<\/div>\n<\/div>\n\n\n\n<div class=\"wp-block-column is-layout-flow wp-block-column-is-layout-flow\" style=\"flex-basis:30%\">\n<div class=\"wp-block-columns is-not-stacked-on-mobile is-layout-flex wp-container-core-columns-is-layout-28f84493 wp-block-columns-is-layout-flex\">\n<div class=\"wp-block-column is-layout-flow wp-block-column-is-layout-flow\">\n<div class=\"wp-block-group is-vertical is-layout-flex wp-container-core-group-is-layout-ea0cb840 wp-block-group-is-layout-flex\">\n<h3 class=\"wp-block-heading has-body-font-family has-medium-font-size\"><strong>Direcci\u00f3n<\/strong><\/h3>\n\n\n\n<p>Av. Olaz\u00e1bal 5187, CABA.<\/p>\n<\/div>\n<\/div>\n<\/div>\n<\/div>\n<\/div>\n<\/div>\n","protected":false},"excerpt":{"rendered":"<p>\u00bfPor qu\u00e9 elegirnos? Home Office Podr\u00e1s permitir que tus agentes operen desde sus casas gracias a nuestro sofware de llamadas remotas. Numeraci\u00f3n Virtual y DID Generamos n\u00fameros virtuales para llamadas entrantes y salientes para que puedas posicionar tu call center a nivel global. M\u00e9trica y control Te damos la posibilidad de medir y controlar el [&hellip;]<\/p>\n","protected":false},"author":1,"featured_media":0,"parent":0,"menu_order":0,"comment_status":"closed","ping_status":"closed","template":"","meta":{"_editorskit_title_hidden":false,"_editorskit_reading_time":0,"_editorskit_is_block_options_detached":false,"_editorskit_block_options_position":"{}","footnotes":""},"class_list":["post-374","page","type-page","status-publish","hentry"],"_links":{"self":[{"href":"https:\/\/remake.aginet.com.ar\/index.php\/wp-json\/wp\/v2\/pages\/374","targetHints":{"allow":["GET"]}}],"collection":[{"href":"https:\/\/remake.aginet.com.ar\/index.php\/wp-json\/wp\/v2\/pages"}],"about":[{"href":"https:\/\/remake.aginet.com.ar\/index.php\/wp-json\/wp\/v2\/types\/page"}],"author":[{"embeddable":true,"href":"https:\/\/remake.aginet.com.ar\/index.php\/wp-json\/wp\/v2\/users\/1"}],"replies":[{"embeddable":true,"href":"https:\/\/remake.aginet.com.ar\/index.php\/wp-json\/wp\/v2\/comments?post=374"}],"version-history":[{"count":5,"href":"https:\/\/remake.aginet.com.ar\/index.php\/wp-json\/wp\/v2\/pages\/374\/revisions"}],"predecessor-version":[{"id":432,"href":"https:\/\/remake.aginet.com.ar\/index.php\/wp-json\/wp\/v2\/pages\/374\/revisions\/432"}],"wp:attachment":[{"href":"https:\/\/remake.aginet.com.ar\/index.php\/wp-json\/wp\/v2\/media?parent=374"}],"curies":[{"name":"wp","href":"https:\/\/api.w.org\/{rel}","templated":true}]}}